{"id":1093,"date":"2026-01-24T19:08:36","date_gmt":"2026-01-24T19:08:36","guid":{"rendered":"https:\/\/ecofriend.hu\/?page_id=1093"},"modified":"2026-03-27T18:27:41","modified_gmt":"2026-03-27T18:27:41","slug":"kapcsolat","status":"publish","type":"page","link":"https:\/\/ecofriend.hu\/en\/kapcsolat\/","title":{"rendered":"Contact"},"content":{"rendered":"\t\t<div data-elementor-type=\"wp-page\" data-elementor-id=\"1093\" class=\"elementor elementor-1093\" data-elementor-post-type=\"page\">\n\t\t\t\t<div data-dce-background-image-url=\"https:\/\/ecofriend.hu\/wp-content\/uploads\/2026\/02\/kapcsolat-heroback.webp\" class=\"elementor-element elementor-element-9dbe1e4 e-flex e-con-boxed e-con e-parent\" data-id=\"9dbe1e4\" data-element_type=\"container\" data-e-type=\"container\" data-settings=\"{&quot;background_background&quot;:&quot;classic&quot;}\">\n\t\t\t\t\t<div class=\"e-con-inner\">\n\t\t\t\t<div class=\"elementor-element elementor-element-6efb397 elementor-widget elementor-widget-heading\" data-id=\"6efb397\" data-element_type=\"widget\" data-e-type=\"widget\" data-widget_type=\"heading.default\">\n\t\t\t\t\t<h1 class=\"elementor-heading-title elementor-size-default\">Kapcsolat<\/h1>\t\t\t\t<\/div>\n\t\t\t\t\t<\/div>\n\t\t\t\t<\/div>\n\t\t<div data-dce-background-image-url=\"https:\/\/ecofriend.hu\/wp-content\/uploads\/2026\/01\/2026-01-06T095823.454-1.png\" class=\"elementor-element elementor-element-1614cb9 e-flex e-con-boxed e-con e-parent\" data-id=\"1614cb9\" data-element_type=\"container\" data-e-type=\"container\" data-settings=\"{&quot;background_background&quot;:&quot;classic&quot;}\">\n\t\t\t\t\t<div class=\"e-con-inner\">\n\t\t\t\t<div class=\"elementor-element elementor-element-729697a elementor-widget elementor-widget-heading\" data-id=\"729697a\" data-element_type=\"widget\" data-e-type=\"widget\" data-widget_type=\"heading.default\">\n\t\t\t\t\t<h2 class=\"elementor-heading-title elementor-size-default\">Keressen minket bizalommal!<\/h2>\t\t\t\t<\/div>\n\t\t<div class=\"elementor-element elementor-element-0c7c624 e-con-full e-flex e-con e-child\" data-id=\"0c7c624\" data-element_type=\"container\" data-e-type=\"container\">\n\t\t\t\t<div class=\"elementor-element elementor-element-825dffc elementor-widget elementor-widget-google_maps\" data-id=\"825dffc\" data-element_type=\"widget\" data-e-type=\"widget\" data-widget_type=\"google_maps.default\">\n\t\t\t\t\t\t\t<div class=\"elementor-custom-embed\">\n\t\t\t<iframe loading=\"lazy\"\n\t\t\t\t\tsrc=\"https:\/\/maps.google.com\/maps?q=Budapest%2C%20Cikl%C3%A1men%20%C3%BAt%204%2C%201237&#038;t=m&#038;z=12&#038;output=embed&#038;iwloc=near\"\n\t\t\t\t\ttitle=\"Budapest, Cikl\u00e1men \u00fat 4, 1237\"\n\t\t\t\t\taria-label=\"Budapest, Cikl\u00e1men \u00fat 4, 1237\"\n\t\t\t><\/iframe>\n\t\t<\/div>\n\t\t\t\t\t\t<\/div>\n\t\t<div class=\"elementor-element elementor-element-752f773 e-con-full e-flex e-con e-child\" data-id=\"752f773\" data-element_type=\"container\" data-e-type=\"container\" data-settings=\"{&quot;background_background&quot;:&quot;classic&quot;,&quot;position&quot;:&quot;absolute&quot;}\">\n\t\t\t\t<div class=\"elementor-element elementor-element-048aada elementor-widget elementor-widget-heading\" data-id=\"048aada\" data-element_type=\"widget\" data-e-type=\"widget\" data-widget_type=\"heading.default\">\n\t\t\t\t\t<h3 class=\"elementor-heading-title elementor-size-default\">Kapcsolat<\/h3>\t\t\t\t<\/div>\n\t\t\t\t<div class=\"elementor-element elementor-element-be30277 elementor-icon-list--layout-traditional elementor-list-item-link-full_width elementor-widget elementor-widget-icon-list\" data-id=\"be30277\" data-element_type=\"widget\" data-e-type=\"widget\" data-widget_type=\"icon-list.default\">\n\t\t\t\t\t\t\t<ul class=\"elementor-icon-list-items\">\n\t\t\t\t\t\t\t<li class=\"elementor-icon-list-item\">\n\t\t\t\t\t\t\t\t\t\t\t<span class=\"elementor-icon-list-icon\">\n\t\t\t\t\t\t\t<svg aria-hidden=\"true\" class=\"e-font-icon-svg e-fas-calendar-alt\" viewBox=\"0 0 448 512\" xmlns=\"http:\/\/www.w3.org\/2000\/svg\"><path d=\"M0 464c0 26.5 21.5 48 48 48h352c26.5 0 48-21.5 48-48V192H0v272zm320-196c0-6.6 5.4-12 12-12h40c6.6 0 12 5.4 12 12v40c0 6.6-5.4 12-12 12h-40c-6.6 0-12-5.4-12-12v-40zm0 128c0-6.6 5.4-12 12-12h40c6.6 0 12 5.4 12 12v40c0 6.6-5.4 12-12 12h-40c-6.6 0-12-5.4-12-12v-40zM192 268c0-6.6 5.4-12 12-12h40c6.6 0 12 5.4 12 12v40c0 6.6-5.4 12-12 12h-40c-6.6 0-12-5.4-12-12v-40zm0 128c0-6.6 5.4-12 12-12h40c6.6 0 12 5.4 12 12v40c0 6.6-5.4 12-12 12h-40c-6.6 0-12-5.4-12-12v-40zM64 268c0-6.6 5.4-12 12-12h40c6.6 0 12 5.4 12 12v40c0 6.6-5.4 12-12 12H76c-6.6 0-12-5.4-12-12v-40zm0 128c0-6.6 5.4-12 12-12h40c6.6 0 12 5.4 12 12v40c0 6.6-5.4 12-12 12H76c-6.6 0-12-5.4-12-12v-40zM400 64h-48V16c0-8.8-7.2-16-16-16h-32c-8.8 0-16 7.2-16 16v48H160V16c0-8.8-7.2-16-16-16h-32c-8.8 0-16 7.2-16 16v48H48C21.5 64 0 85.5 0 112v48h448v-48c0-26.5-21.5-48-48-48z\"><\/path><\/svg>\t\t\t\t\t\t<\/span>\n\t\t\t\t\t\t\t\t\t\t<span class=\"elementor-icon-list-text\">H\u2013P: 09:00-17:00<\/span>\n\t\t\t\t\t\t\t\t\t<\/li>\n\t\t\t\t\t\t\t\t<li class=\"elementor-icon-list-item\">\n\t\t\t\t\t\t\t\t\t\t\t<a href=\"tel:+36300921484\">\n\n\t\t\t\t\t\t\t\t\t\t\t\t<span class=\"elementor-icon-list-icon\">\n\t\t\t\t\t\t\t<svg aria-hidden=\"true\" class=\"e-font-icon-svg e-fas-phone-alt\" viewBox=\"0 0 512 512\" xmlns=\"http:\/\/www.w3.org\/2000\/svg\"><path d=\"M497.39 361.8l-112-48a24 24 0 0 0-28 6.9l-49.6 60.6A370.66 370.66 0 0 1 130.6 204.11l60.6-49.6a23.94 23.94 0 0 0 6.9-28l-48-112A24.16 24.16 0 0 0 122.6.61l-104 24A24 24 0 0 0 0 48c0 256.5 207.9 464 464 464a24 24 0 0 0 23.4-18.6l24-104a24.29 24.29 0 0 0-14.01-27.6z\"><\/path><\/svg>\t\t\t\t\t\t<\/span>\n\t\t\t\t\t\t\t\t\t\t<span class=\"elementor-icon-list-text\">+36 30 092 1484<\/span>\n\t\t\t\t\t\t\t\t\t\t\t<\/a>\n\t\t\t\t\t\t\t\t\t<\/li>\n\t\t\t\t\t\t\t\t<li class=\"elementor-icon-list-item\">\n\t\t\t\t\t\t\t\t\t\t\t<a href=\"mailto:bali.jozsef@soroksarapartments.hu\">\n\n\t\t\t\t\t\t\t\t\t\t\t\t<span class=\"elementor-icon-list-icon\">\n\t\t\t\t\t\t\t<svg aria-hidden=\"true\" class=\"e-font-icon-svg e-fas-envelope\" viewBox=\"0 0 512 512\" xmlns=\"http:\/\/www.w3.org\/2000\/svg\"><path d=\"M502.3 190.8c3.9-3.1 9.7-.2 9.7 4.7V400c0 26.5-21.5 48-48 48H48c-26.5 0-48-21.5-48-48V195.6c0-5 5.7-7.8 9.7-4.7 22.4 17.4 52.1 39.5 154.1 113.6 21.1 15.4 56.7 47.8 92.2 47.6 35.7.3 72-32.8 92.3-47.6 102-74.1 131.6-96.3 154-113.7zM256 320c23.2.4 56.6-29.2 73.4-41.4 132.7-96.3 142.8-104.7 173.4-128.7 5.8-4.5 9.2-11.5 9.2-18.9v-19c0-26.5-21.5-48-48-48H48C21.5 64 0 85.5 0 112v19c0 7.4 3.4 14.3 9.2 18.9 30.6 23.9 40.7 32.4 173.4 128.7 16.8 12.2 50.2 41.8 73.4 41.4z\"><\/path><\/svg>\t\t\t\t\t\t<\/span>\n\t\t\t\t\t\t\t\t\t\t<span class=\"elementor-icon-list-text\">bali.jozsef@soroksarapartments.hu<\/span>\n\t\t\t\t\t\t\t\t\t\t\t<\/a>\n\t\t\t\t\t\t\t\t\t<\/li>\n\t\t\t\t\t\t\t\t<li class=\"elementor-icon-list-item\">\n\t\t\t\t\t\t\t\t\t\t\t<span class=\"elementor-icon-list-icon\">\n\t\t\t\t\t\t\t<svg aria-hidden=\"true\" class=\"e-font-icon-svg e-fas-map-marker-alt\" viewBox=\"0 0 384 512\" xmlns=\"http:\/\/www.w3.org\/2000\/svg\"><path d=\"M172.268 501.67C26.97 291.031 0 269.413 0 192 0 85.961 85.961 0 192 0s192 85.961 192 192c0 77.413-26.97 99.031-172.268 309.67-9.535 13.774-29.93 13.773-39.464 0zM192 272c44.183 0 80-35.817 80-80s-35.817-80-80-80-80 35.817-80 80 35.817 80 80 80z\"><\/path><\/svg>\t\t\t\t\t\t<\/span>\n\t\t\t\t\t\t\t\t\t\t<span class=\"elementor-icon-list-text\">1237 Budapest, Cikl\u00e1men \u00dat 4.<\/span>\n\t\t\t\t\t\t\t\t\t<\/li>\n\t\t\t\t\t\t<\/ul>\n\t\t\t\t\t\t<\/div>\n\t\t\t\t<\/div>\n\t\t\t\t<\/div>\n\t\t\t\t\t<\/div>\n\t\t\t\t<\/div>\n\t\t<div data-dce-background-image-url=\"https:\/\/ecofriend.hu\/wp-content\/uploads\/2026\/01\/2026-01-06T095823.454-1.png\" class=\"elementor-element elementor-element-0f10029 e-flex e-con-boxed e-con e-parent\" data-id=\"0f10029\" data-element_type=\"container\" data-e-type=\"container\" data-settings=\"{&quot;background_background&quot;:&quot;classic&quot;}\">\n\t\t\t\t\t<div class=\"e-con-inner\">\n\t\t<div data-dce-background-color=\"#FBFBFB\" class=\"elementor-element elementor-element-ad8745d e-con-full e-flex e-con e-child\" data-id=\"ad8745d\" data-element_type=\"container\" data-e-type=\"container\" data-settings=\"{&quot;background_background&quot;:&quot;classic&quot;}\">\n\t\t\t\t<div class=\"elementor-element elementor-element-3e35a01 elementor-widget elementor-widget-heading\" data-id=\"3e35a01\" data-element_type=\"widget\" data-e-type=\"widget\" data-widget_type=\"heading.default\">\n\t\t\t\t\t<h2 class=\"elementor-heading-title elementor-size-default\">K\u00e9rjen visszah\u00edv\u00e1st!<\/h2>\t\t\t\t<\/div>\n\t\t\t\t<div class=\"elementor-element elementor-element-868a478 elementor-button-align-stretch elementor-widget elementor-widget-form\" data-id=\"868a478\" data-element_type=\"widget\" data-e-type=\"widget\" data-settings=\"{&quot;step_next_label&quot;:&quot;Next&quot;,&quot;step_previous_label&quot;:&quot;Previous&quot;,&quot;button_width&quot;:&quot;100&quot;,&quot;step_type&quot;:&quot;number_text&quot;,&quot;step_icon_shape&quot;:&quot;circle&quot;}\" data-widget_type=\"form.default\">\n\t\t\t\t\t\t\t<form class=\"elementor-form\" method=\"post\" name=\"New Form\" aria-label=\"New Form\">\n\t\t\t<input type=\"hidden\" name=\"post_id\" value=\"1093\"\/>\n\t\t\t<input type=\"hidden\" name=\"form_id\" value=\"868a478\"\/>\n\t\t\t<input type=\"hidden\" name=\"referer_title\" value=\"Soroks\u00e1r Apartments - Kapcsolat\" \/>\n\n\t\t\t\t\t\t\t<input type=\"hidden\" name=\"queried_id\" value=\"1093\"\/>\n\t\t\t\n\t\t\t<div class=\"elementor-form-fields-wrapper elementor-labels-above\">\n\t\t\t\t\t\t\t\t<div class=\"elementor-field-type-text elementor-field-group elementor-column elementor-field-group-name elementor-col-100 elementor-field-required\">\n\t\t\t\t\t\t\t\t\t\t\t\t<label for=\"form-field-name\" class=\"elementor-field-label\">\n\t\t\t\t\t\t\t\tName\t\t\t\t\t\t\t<\/label>\n\t\t\t\t\t\t\t\t\t\t\t\t\t\t<input size=\"1\" type=\"text\" name=\"form_fields[name]\" id=\"form-field-name\" class=\"elementor-field elementor-size-sm  elementor-field-textual\" placeholder=\"Teljes n\u00e9v\" required=\"required\">\n\t\t\t\t\t\t\t\t\t\t\t<\/div>\n\t\t\t\t\t\t\t\t<div class=\"elementor-field-type-email elementor-field-group elementor-column elementor-field-group-email elementor-col-100 elementor-field-required\">\n\t\t\t\t\t\t\t\t\t\t\t\t<label for=\"form-field-email\" class=\"elementor-field-label\">\n\t\t\t\t\t\t\t\tEmail\t\t\t\t\t\t\t<\/label>\n\t\t\t\t\t\t\t\t\t\t\t\t\t\t<input size=\"1\" type=\"email\" name=\"form_fields[email]\" id=\"form-field-email\" class=\"elementor-field elementor-size-sm  elementor-field-textual\" placeholder=\"Email\" required=\"required\">\n\t\t\t\t\t\t\t\t\t\t\t<\/div>\n\t\t\t\t\t\t\t\t<div class=\"elementor-field-type-tel elementor-field-group elementor-column elementor-field-group-field_d50c8dc elementor-col-100 elementor-field-required\">\n\t\t\t\t\t\t\t\t\t\t\t\t<label for=\"form-field-field_d50c8dc\" class=\"elementor-field-label\">\n\t\t\t\t\t\t\t\tTel\t\t\t\t\t\t\t<\/label>\n\t\t\t\t\t\t\t\t<input size=\"1\" type=\"tel\" name=\"form_fields[field_d50c8dc]\" id=\"form-field-field_d50c8dc\" class=\"elementor-field elementor-size-sm  elementor-field-textual\" placeholder=\"Telefonsz\u00e1m\" required=\"required\" pattern=\"[0-9()#&amp;+*-=.]+\" title=\"Only numbers and phone characters (#, -, *, etc) are accepted.\">\n\n\t\t\t\t\t\t<\/div>\n\t\t\t\t\t\t\t\t<div class=\"elementor-field-type-textarea elementor-field-group elementor-column elementor-field-group-message elementor-col-100\">\n\t\t\t\t\t\t\t\t\t\t\t\t<label for=\"form-field-message\" class=\"elementor-field-label\">\n\t\t\t\t\t\t\t\tMessage\t\t\t\t\t\t\t<\/label>\n\t\t\t\t\t\t<textarea class=\"elementor-field-textual elementor-field  elementor-size-sm\" name=\"form_fields[message]\" id=\"form-field-message\" rows=\"4\" placeholder=\"\u00dczenet\"><\/textarea>\t\t\t\t<\/div>\n\t\t\t\t\t\t\t\t<div class=\"elementor-field-type-acceptance elementor-field-group elementor-column elementor-field-group-field_0918c66 elementor-col-100 elementor-field-required\">\n\t\t\t\t\t\t\t<div class=\"elementor-field-subgroup\">\n\t\t\t<span class=\"elementor-field-option\">\n\t\t\t\t<input type=\"checkbox\" name=\"form_fields[field_0918c66]\" id=\"form-field-field_0918c66\" class=\"elementor-field elementor-size-sm  elementor-acceptance-field\" required=\"required\" checked=\"checked\">\n\t\t\t\t<label for=\"form-field-field_0918c66\">Elolvastam \u00e9s elfogadom az <a href=\"https:\/\/ecofriend.hu\/privacy-policy\">adatkezel\u00e9si t\u00e1j\u00e9koztat\u00f3t.<\/a><\/label>\t\t\t<\/span>\n\t\t<\/div>\n\t\t\t\t\t\t<\/div>\n\t\t\t\t\t\t\t\t<div class=\"elementor-field-group elementor-column elementor-field-type-submit elementor-col-100 e-form__buttons\">\n\t\t\t\t\t<button class=\"elementor-button elementor-size-sm\" type=\"submit\">\n\t\t\t\t\t\t<span class=\"elementor-button-content-wrapper\">\n\t\t\t\t\t\t\t\t\t\t\t\t\t\t\t\t\t\t\t\t\t\t<span class=\"elementor-button-text\">k\u00fcld\u00e9s<\/span>\n\t\t\t\t\t\t\t\t\t\t\t\t\t<\/span>\n\t\t\t\t\t<\/button>\n\t\t\t\t<\/div>\n\t\t\t<\/div>\n\t\t<\/form>\n\t\t\t\t\t\t<\/div>\n\t\t\t\t<\/div>\n\t\t<div class=\"elementor-element elementor-element-d68e8c4 e-con-full elementor-hidden-mobile_extra elementor-hidden-mobile e-flex e-con e-child\" data-id=\"d68e8c4\" data-element_type=\"container\" data-e-type=\"container\" data-settings=\"{&quot;position&quot;:&quot;absolute&quot;}\">\n\t\t\t\t<div class=\"elementor-element elementor-element-2aa78ad elementor-widget__width-initial elementor-widget-mobile_extra__width-inherit elementor-widget elementor-widget-image\" data-id=\"2aa78ad\" data-element_type=\"widget\" data-e-type=\"widget\" data-widget_type=\"image.default\">\n\t\t\t\t\t\t\t\t\t\t\t\t\t\t\t<img fetchpriority=\"high\" decoding=\"async\" width=\"700\" height=\"615\" src=\"https:\/\/ecofriend.hu\/wp-content\/uploads\/2026\/02\/kapcsolat-intro.webp\" class=\"attachment-large size-large wp-image-3767\" alt=\"\" srcset=\"https:\/\/ecofriend.hu\/wp-content\/uploads\/2026\/02\/kapcsolat-intro.webp 700w, https:\/\/ecofriend.hu\/wp-content\/uploads\/2026\/02\/kapcsolat-intro-14x12.webp 14w\" sizes=\"(max-width: 700px) 100vw, 700px\" \/>\t\t\t\t\t\t\t\t\t\t\t\t\t\t\t<\/div>\n\t\t\t\t<\/div>\n\t\t\t\t\t<\/div>\n\t\t\t\t<\/div>\n\t\t\t\t<\/div>\n\t\t","protected":false},"excerpt":{"rendered":"<p>Keressen minket bizalommal! Kapcsolat H\u2013P: 09:00-17:00 +36 30 092 1484 bali.jozsef@soroksarapartments.hu 1237 Budapest, Cikl\u00e1men \u00dat 4. K\u00e9rjen visszah\u00edv\u00e1st!<\/p>","protected":false},"author":1,"featured_media":0,"parent":0,"menu_order":0,"comment_status":"closed","ping_status":"closed","template":"","meta":{"_acf_changed":false,"footnotes":""},"class_list":["post-1093","page","type-page","status-publish"],"acf":[],"yoast_head":"<!-- This site is optimized with the Yoast SEO Premium plugin v27.3 (Yoast SEO v27.3) - https:\/\/yoast.com\/product\/yoast-seo-premium-wordpress\/ -->\n<title>Soroks\u00e1r Apartments - Kapcsolat<\/title>\n<meta name=\"description\" content=\"Szem\u00e9lyre szabott t\u00e1j\u00e9koztat\u00e1s\u00e9rt \u00e9s a r\u00e9szletek\u00e9rt vegye fel vel\u00fcnk a kapcsolatot. K\u00e9rjen visszah\u00edv\u00e1st az al\u00e1bbi kit\u00f6lt\u00f6tt \u0171rlap elk\u00fcld\u00e9s\u00e9vel!\" \/>\n<meta name=\"robots\" content=\"noindex, follow, max-snippet:-1, max-image-preview:large, max-video-preview:-1\" \/>\n<meta property=\"og:locale\" content=\"en_GB\" \/>\n<meta property=\"og:type\" content=\"article\" \/>\n<meta property=\"og:title\" content=\"Kapcsolat\" \/>\n<meta property=\"og:description\" content=\"Szem\u00e9lyre szabott t\u00e1j\u00e9koztat\u00e1s\u00e9rt \u00e9s a r\u00e9szletek\u00e9rt vegye fel vel\u00fcnk a kapcsolatot. K\u00e9rjen visszah\u00edv\u00e1st az al\u00e1bbi kit\u00f6lt\u00f6tt \u0171rlap elk\u00fcld\u00e9s\u00e9vel!\" \/>\n<meta property=\"og:url\" content=\"https:\/\/ecofriend.hu\/en\/kapcsolat\/\" \/>\n<meta property=\"og:site_name\" content=\"Soroks\u00e1r Apartments\" \/>\n<meta property=\"article:modified_time\" content=\"2026-03-27T18:27:41+00:00\" \/>\n<meta property=\"og:image\" content=\"https:\/\/ecofriend.hu\/wp-content\/uploads\/2026\/02\/kapcsolat-intro.webp\" \/>\n\t<meta property=\"og:image:width\" content=\"700\" \/>\n\t<meta property=\"og:image:height\" content=\"615\" \/>\n\t<meta property=\"og:image:type\" content=\"image\/webp\" \/>\n<meta name=\"twitter:card\" content=\"summary_large_image\" \/>\n<meta name=\"twitter:label1\" content=\"Estimated reading time\" \/>\n\t<meta name=\"twitter:data1\" content=\"1 minute\" \/>\n<script type=\"application\/ld+json\" class=\"yoast-schema-graph\">{\"@context\":\"https:\\\/\\\/schema.org\",\"@graph\":[{\"@type\":\"WebPage\",\"@id\":\"https:\\\/\\\/ecofriend.hu\\\/kapcsolat\\\/\",\"url\":\"https:\\\/\\\/ecofriend.hu\\\/kapcsolat\\\/\",\"name\":\"Soroks\u00e1r Apartments - Kapcsolat\",\"isPartOf\":{\"@id\":\"https:\\\/\\\/ecofriend.hu\\\/#website\"},\"primaryImageOfPage\":{\"@id\":\"https:\\\/\\\/ecofriend.hu\\\/kapcsolat\\\/#primaryimage\"},\"image\":{\"@id\":\"https:\\\/\\\/ecofriend.hu\\\/kapcsolat\\\/#primaryimage\"},\"thumbnailUrl\":\"https:\\\/\\\/ecofriend.hu\\\/wp-content\\\/uploads\\\/2026\\\/02\\\/kapcsolat-intro.webp\",\"datePublished\":\"2026-01-24T19:08:36+00:00\",\"dateModified\":\"2026-03-27T18:27:41+00:00\",\"description\":\"Szem\u00e9lyre szabott t\u00e1j\u00e9koztat\u00e1s\u00e9rt \u00e9s a r\u00e9szletek\u00e9rt vegye fel vel\u00fcnk a kapcsolatot. K\u00e9rjen visszah\u00edv\u00e1st az al\u00e1bbi kit\u00f6lt\u00f6tt \u0171rlap elk\u00fcld\u00e9s\u00e9vel!\",\"breadcrumb\":{\"@id\":\"https:\\\/\\\/ecofriend.hu\\\/kapcsolat\\\/#breadcrumb\"},\"inLanguage\":\"en-GB\",\"potentialAction\":[{\"@type\":\"ReadAction\",\"target\":[\"https:\\\/\\\/ecofriend.hu\\\/kapcsolat\\\/\"]}]},{\"@type\":\"ImageObject\",\"inLanguage\":\"en-GB\",\"@id\":\"https:\\\/\\\/ecofriend.hu\\\/kapcsolat\\\/#primaryimage\",\"url\":\"https:\\\/\\\/ecofriend.hu\\\/wp-content\\\/uploads\\\/2026\\\/02\\\/kapcsolat-intro.webp\",\"contentUrl\":\"https:\\\/\\\/ecofriend.hu\\\/wp-content\\\/uploads\\\/2026\\\/02\\\/kapcsolat-intro.webp\"},{\"@type\":\"BreadcrumbList\",\"@id\":\"https:\\\/\\\/ecofriend.hu\\\/kapcsolat\\\/#breadcrumb\",\"itemListElement\":[{\"@type\":\"ListItem\",\"position\":1,\"name\":\"Kezd\u0151lap\",\"item\":\"https:\\\/\\\/ecofriend.hu\\\/\"},{\"@type\":\"ListItem\",\"position\":2,\"name\":\"Kapcsolat\"}]},{\"@type\":\"WebSite\",\"@id\":\"https:\\\/\\\/ecofriend.hu\\\/#website\",\"url\":\"https:\\\/\\\/ecofriend.hu\\\/\",\"name\":\"Soroks\u00e1r Apartments\",\"description\":\"Saj\u00e1t \u00e9s befektet\u00e9si c\u00e9l\u00fa ingatlanok kivitelez\u00e9se, Soroks\u00e1ron.\",\"publisher\":{\"@id\":\"https:\\\/\\\/ecofriend.hu\\\/#organization\"},\"potentialAction\":[{\"@type\":\"SearchAction\",\"target\":{\"@type\":\"EntryPoint\",\"urlTemplate\":\"https:\\\/\\\/ecofriend.hu\\\/?s={search_term_string}\"},\"query-input\":{\"@type\":\"PropertyValueSpecification\",\"valueRequired\":true,\"valueName\":\"search_term_string\"}}],\"inLanguage\":\"en-GB\"},{\"@type\":\"Organization\",\"@id\":\"https:\\\/\\\/ecofriend.hu\\\/#organization\",\"name\":\"Soroks\u00e1r Apartments\",\"url\":\"https:\\\/\\\/ecofriend.hu\\\/\",\"logo\":{\"@type\":\"ImageObject\",\"inLanguage\":\"en-GB\",\"@id\":\"https:\\\/\\\/ecofriend.hu\\\/#\\\/schema\\\/logo\\\/image\\\/\",\"url\":\"https:\\\/\\\/ecofriend.hu\\\/wp-content\\\/uploads\\\/2026\\\/01\\\/logo-color-w.svg\",\"contentUrl\":\"https:\\\/\\\/ecofriend.hu\\\/wp-content\\\/uploads\\\/2026\\\/01\\\/logo-color-w.svg\",\"width\":350,\"height\":294.92401,\"caption\":\"Soroks\u00e1r Apartments\"},\"image\":{\"@id\":\"https:\\\/\\\/ecofriend.hu\\\/#\\\/schema\\\/logo\\\/image\\\/\"}}]}<\/script>\n<!-- \/ Yoast SEO Premium plugin. -->","yoast_head_json":{"title":"Soroks\u00e1r Apartments - Kapcsolat","description":"Szem\u00e9lyre szabott t\u00e1j\u00e9koztat\u00e1s\u00e9rt \u00e9s a r\u00e9szletek\u00e9rt vegye fel vel\u00fcnk a kapcsolatot. K\u00e9rjen visszah\u00edv\u00e1st az al\u00e1bbi kit\u00f6lt\u00f6tt \u0171rlap elk\u00fcld\u00e9s\u00e9vel!","robots":{"index":"noindex","follow":"follow","max-snippet":"max-snippet:-1","max-image-preview":"max-image-preview:large","max-video-preview":"max-video-preview:-1"},"og_locale":"en_GB","og_type":"article","og_title":"Kapcsolat","og_description":"Szem\u00e9lyre szabott t\u00e1j\u00e9koztat\u00e1s\u00e9rt \u00e9s a r\u00e9szletek\u00e9rt vegye fel vel\u00fcnk a kapcsolatot. K\u00e9rjen visszah\u00edv\u00e1st az al\u00e1bbi kit\u00f6lt\u00f6tt \u0171rlap elk\u00fcld\u00e9s\u00e9vel!","og_url":"https:\/\/ecofriend.hu\/en\/kapcsolat\/","og_site_name":"Soroks\u00e1r Apartments","article_modified_time":"2026-03-27T18:27:41+00:00","og_image":[{"width":700,"height":615,"url":"https:\/\/ecofriend.hu\/wp-content\/uploads\/2026\/02\/kapcsolat-intro.webp","type":"image\/webp"}],"twitter_card":"summary_large_image","twitter_misc":{"Estimated reading time":"1 minute"},"schema":{"@context":"https:\/\/schema.org","@graph":[{"@type":"WebPage","@id":"https:\/\/ecofriend.hu\/kapcsolat\/","url":"https:\/\/ecofriend.hu\/kapcsolat\/","name":"Soroks\u00e1r Apartments - Kapcsolat","isPartOf":{"@id":"https:\/\/ecofriend.hu\/#website"},"primaryImageOfPage":{"@id":"https:\/\/ecofriend.hu\/kapcsolat\/#primaryimage"},"image":{"@id":"https:\/\/ecofriend.hu\/kapcsolat\/#primaryimage"},"thumbnailUrl":"https:\/\/ecofriend.hu\/wp-content\/uploads\/2026\/02\/kapcsolat-intro.webp","datePublished":"2026-01-24T19:08:36+00:00","dateModified":"2026-03-27T18:27:41+00:00","description":"Szem\u00e9lyre szabott t\u00e1j\u00e9koztat\u00e1s\u00e9rt \u00e9s a r\u00e9szletek\u00e9rt vegye fel vel\u00fcnk a kapcsolatot. K\u00e9rjen visszah\u00edv\u00e1st az al\u00e1bbi kit\u00f6lt\u00f6tt \u0171rlap elk\u00fcld\u00e9s\u00e9vel!","breadcrumb":{"@id":"https:\/\/ecofriend.hu\/kapcsolat\/#breadcrumb"},"inLanguage":"en-GB","potentialAction":[{"@type":"ReadAction","target":["https:\/\/ecofriend.hu\/kapcsolat\/"]}]},{"@type":"ImageObject","inLanguage":"en-GB","@id":"https:\/\/ecofriend.hu\/kapcsolat\/#primaryimage","url":"https:\/\/ecofriend.hu\/wp-content\/uploads\/2026\/02\/kapcsolat-intro.webp","contentUrl":"https:\/\/ecofriend.hu\/wp-content\/uploads\/2026\/02\/kapcsolat-intro.webp"},{"@type":"BreadcrumbList","@id":"https:\/\/ecofriend.hu\/kapcsolat\/#breadcrumb","itemListElement":[{"@type":"ListItem","position":1,"name":"Kezd\u0151lap","item":"https:\/\/ecofriend.hu\/"},{"@type":"ListItem","position":2,"name":"Kapcsolat"}]},{"@type":"WebSite","@id":"https:\/\/ecofriend.hu\/#website","url":"https:\/\/ecofriend.hu\/","name":"Soroks\u00e1r Apartments","description":"Saj\u00e1t \u00e9s befektet\u00e9si c\u00e9l\u00fa ingatlanok kivitelez\u00e9se, Soroks\u00e1ron.","publisher":{"@id":"https:\/\/ecofriend.hu\/#organization"},"potentialAction":[{"@type":"SearchAction","target":{"@type":"EntryPoint","urlTemplate":"https:\/\/ecofriend.hu\/?s={search_term_string}"},"query-input":{"@type":"PropertyValueSpecification","valueRequired":true,"valueName":"search_term_string"}}],"inLanguage":"en-GB"},{"@type":"Organization","@id":"https:\/\/ecofriend.hu\/#organization","name":"Soroks\u00e1r Apartments","url":"https:\/\/ecofriend.hu\/","logo":{"@type":"ImageObject","inLanguage":"en-GB","@id":"https:\/\/ecofriend.hu\/#\/schema\/logo\/image\/","url":"https:\/\/ecofriend.hu\/wp-content\/uploads\/2026\/01\/logo-color-w.svg","contentUrl":"https:\/\/ecofriend.hu\/wp-content\/uploads\/2026\/01\/logo-color-w.svg","width":350,"height":294.92401,"caption":"Soroks\u00e1r Apartments"},"image":{"@id":"https:\/\/ecofriend.hu\/#\/schema\/logo\/image\/"}}]}},"_links":{"self":[{"href":"https:\/\/ecofriend.hu\/en\/wp-json\/wp\/v2\/pages\/1093","targetHints":{"allow":["GET"]}}],"collection":[{"href":"https:\/\/ecofriend.hu\/en\/wp-json\/wp\/v2\/pages"}],"about":[{"href":"https:\/\/ecofriend.hu\/en\/wp-json\/wp\/v2\/types\/page"}],"author":[{"embeddable":true,"href":"https:\/\/ecofriend.hu\/en\/wp-json\/wp\/v2\/users\/1"}],"replies":[{"embeddable":true,"href":"https:\/\/ecofriend.hu\/en\/wp-json\/wp\/v2\/comments?post=1093"}],"version-history":[{"count":0,"href":"https:\/\/ecofriend.hu\/en\/wp-json\/wp\/v2\/pages\/1093\/revisions"}],"wp:attachment":[{"href":"https:\/\/ecofriend.hu\/en\/wp-json\/wp\/v2\/media?parent=1093"}],"curies":[{"name":"wp","href":"https:\/\/api.w.org\/{rel}","templated":true}]}}