{"id":1176,"date":"2026-01-24T21:51:23","date_gmt":"2026-01-24T21:51:23","guid":{"rendered":"https:\/\/ecofriend.hu\/?page_id=1176"},"modified":"2026-03-16T14:43:19","modified_gmt":"2026-03-16T14:43:19","slug":"virtualis-lakasbejaras","status":"publish","type":"page","link":"https:\/\/ecofriend.hu\/en\/virtualis-lakasbejaras\/","title":{"rendered":"Virtual apartment tour"},"content":{"rendered":"<div data-elementor-type=\"wp-page\" data-elementor-id=\"1176\" class=\"elementor elementor-1176\" data-elementor-post-type=\"page\">\n\t\t\t\t<div data-dce-background-image-url=\"https:\/\/ecofriend.hu\/wp-content\/uploads\/2026\/01\/404-hero-back.webp\" class=\"elementor-element elementor-element-75f3fa19 e-flex e-con-boxed e-con e-parent\" data-id=\"75f3fa19\" data-element_type=\"container\" data-e-type=\"container\" data-settings=\"{&quot;background_background&quot;:&quot;classic&quot;}\">\n\t\t\t\t\t<div class=\"e-con-inner\">\n\t\t\t\t<div class=\"elementor-element elementor-element-55ab6641 elementor-widget elementor-widget-heading\" data-id=\"55ab6641\" data-element_type=\"widget\" data-e-type=\"widget\" data-widget_type=\"heading.default\">\n\t\t\t\t\t<h1 class=\"elementor-heading-title elementor-size-default\">Virtual apartment tour<\/h1>\t\t\t\t<\/div>\n\t\t\t\t\t<\/div>\n\t\t\t\t<\/div>\n\t\t<div data-dce-background-image-url=\"https:\/\/ecofriend.hu\/wp-content\/uploads\/2026\/01\/2026-01-06T095823.454-1.png\" class=\"elementor-element elementor-element-78308a1 e-flex e-con-boxed e-con e-parent\" data-id=\"78308a1\" data-element_type=\"container\" data-e-type=\"container\" data-settings=\"{&quot;background_background&quot;:&quot;classic&quot;}\">\n\t\t\t\t\t<div class=\"e-con-inner\">\n\t\t\t\t<div class=\"elementor-element elementor-element-084ec3f elementor-widget elementor-widget-text-editor\" data-id=\"084ec3f\" data-element_type=\"widget\" data-e-type=\"widget\" data-widget_type=\"text-editor.default\">\n\t\t\t\t\t\t\t\t\t<p>Quality and transparency in every detail.<\/p>\t\t\t\t\t\t\t\t<\/div>\n\t\t\t\t<div class=\"elementor-element elementor-element-1f87f12 elementor-widget elementor-widget-heading\" data-id=\"1f87f12\" data-element_type=\"widget\" data-e-type=\"widget\" data-widget_type=\"heading.default\">\n\t\t\t\t\t<h2 class=\"elementor-heading-title elementor-size-default\">Take a walk around your new home today!<\/h2>\t\t\t\t<\/div>\n\t\t\t\t<div class=\"elementor-element elementor-element-c9cfb57 elementor-widget__width-initial elementor-widget elementor-widget-text-editor\" data-id=\"c9cfb57\" data-element_type=\"widget\" data-e-type=\"widget\" data-widget_type=\"text-editor.default\">\n\t\t\t\t\t\t\t\t\t<p>With our interactive tour, you can view the interior design of our apartments, the layout of the spaces, and the quality of the materials used from the comfort of your own home. See the value of our project with your own eyes!<\/p>\t\t\t\t\t\t\t\t<\/div>\n\t\t<div class=\"elementor-element elementor-element-855ffe1 e-con-full e-flex e-con e-child\" data-id=\"855ffe1\" data-element_type=\"container\" data-e-type=\"container\" data-settings=\"{&quot;background_background&quot;:&quot;classic&quot;}\">\n\t\t\t\t<div class=\"elementor-element elementor-element-f48499c elementor-widget elementor-widget-html\" data-id=\"f48499c\" data-element_type=\"widget\" data-e-type=\"widget\" data-widget_type=\"html.default\">\n\t\t\t\t\t <iframe src=\"https:\/\/ecofriend.hu\/3d\/index.htm\" width=\"100%\" height=\"600px\" title=\"virtu\u00e1lis lak\u00e1sbek\u00e1rs\"><\/iframe> \t\t\t\t<\/div>\n\t\t\t\t<\/div>\n\t\t\t\t\t<\/div>\n\t\t\t\t<\/div>\n\t\t<div class=\"elementor-element elementor-element-4e1d65f e-flex e-con-boxed e-con e-parent\" data-id=\"4e1d65f\" data-element_type=\"container\" data-e-type=\"container\" data-settings=\"{&quot;background_background&quot;:&quot;classic&quot;}\">\n\t\t\t\t\t<div class=\"e-con-inner\">\n\t\t<div class=\"elementor-element elementor-element-93183d5 e-con-full e-flex e-con e-child\" data-id=\"93183d5\" data-element_type=\"container\" data-e-type=\"container\">\n\t\t\t\t<div class=\"elementor-element elementor-element-167cb6a elementor-widget elementor-widget-heading\" data-id=\"167cb6a\" data-element_type=\"widget\" data-e-type=\"widget\" data-widget_type=\"heading.default\">\n\t\t\t\t\t<h2 class=\"elementor-heading-title elementor-size-default\">Can we help you choose?<\/h2>\t\t\t\t<\/div>\n\t\t\t\t<div class=\"elementor-element elementor-element-1f4ce8c elementor-widget elementor-widget-text-editor\" data-id=\"1f4ce8c\" data-element_type=\"widget\" data-e-type=\"widget\" data-widget_type=\"text-editor.default\">\n\t\t\t\t\t\t\t\t\t<p>Can't find the answer to all your questions? Contact us for personalized information and details. We want you to know all the details before you make your decision. Our team will answer all your questions and help you on your way to a smooth and secure real estate purchase.<\/p>\t\t\t\t\t\t\t\t<\/div>\n\t\t\t\t<\/div>\n\t\t<div class=\"elementor-element elementor-element-3890321 e-con-full e-flex e-con e-child\" data-id=\"3890321\" data-element_type=\"container\" data-e-type=\"container\">\n\t\t\t\t<div class=\"elementor-element elementor-element-64d9ba8 elementor-mobile-align-justify elementor-widget-mobile__width-initial elementor-widget elementor-widget-button\" data-id=\"64d9ba8\" data-element_type=\"widget\" data-e-type=\"widget\" data-widget_type=\"button.default\">\n\t\t\t\t\t\t\t\t\t\t<a class=\"elementor-button elementor-button-link elementor-size-sm\" href=\"\/en\/kapcsolat\/\">\n\t\t\t\t\t\t<span class=\"elementor-button-content-wrapper\">\n\t\t\t\t\t\t<span class=\"elementor-button-icon\">\n\t\t\t\t<svg aria-hidden=\"true\" class=\"e-font-icon-svg e-fas-angle-right\" viewbox=\"0 0 256 512\" xmlns=\"http:\/\/www.w3.org\/2000\/svg\"><path d=\"M224.3 273l-136 136c-9.4 9.4-24.6 9.4-33.9 0l-22.6-22.6c-9.4-9.4-9.4-24.6 0-33.9l96.4-96.4-96.4-96.4c-9.4-9.4-9.4-24.6 0-33.9L54.3 103c9.4-9.4 24.6-9.4 33.9 0l136 136c9.5 9.4 9.5 24.6.1 34z\"><\/path><\/svg>\t\t\t<\/span>\n\t\t\t\t\t\t\t\t\t<span class=\"elementor-button-text\">Contact<\/span>\n\t\t\t\t\t<\/span>\n\t\t\t\t\t<\/a>\n\t\t\t\t\t\t\t\t<\/div>\n\t\t\t\t<\/div>\n\t\t\t\t\t<\/div>\n\t\t\t\t<\/div>\n\t\t\t\t<\/div>","protected":false},"excerpt":{"rendered":"<p>Virtu\u00e1lis lak\u00e1sbej\u00e1r\u00e1s Min\u0151s\u00e9g \u00e9s transzparencia minden r\u00e9szletben. Tegyen egy s\u00e9t\u00e1t \u00faj otthon\u00e1ban m\u00e1r ma! Interakt\u00edv bej\u00e1r\u00e1sunk seg\u00edts\u00e9g\u00e9vel otthon\u00e1b\u00f3l is megtekintheti apartmanjaink bels\u0151 kialak\u00edt\u00e1s\u00e1t, a terek elrendez\u00e9s\u00e9t \u00e9s a felhaszn\u00e1lt anyagok min\u0151s\u00e9g\u00e9t. Gy\u0151z\u0151dj\u00f6n meg saj\u00e1t szem\u00e9vel projekt\u00fcnk \u00e9rt\u00e9k\u00e1ll\u00f3s\u00e1g\u00e1r\u00f3l! Seg\u00edthet\u00fcnk a v\u00e1laszt\u00e1sban? Nem tal\u00e1lta meg a v\u00e1laszt minden k\u00e9rd\u00e9s\u00e9re? Szem\u00e9lyre szabott t\u00e1j\u00e9koztat\u00e1s\u00e9rt \u00e9s a r\u00e9szletek\u00e9rt vegye fel &#8230; <a title=\"Virtual apartment tour\" class=\"read-more\" href=\"https:\/\/ecofriend.hu\/en\/virtualis-lakasbejaras\/\" aria-label=\"Read more about Virtu\u00e1lis lak\u00e1sbej\u00e1r\u00e1s\">Read more<\/a><\/p>","protected":false},"author":1,"featured_media":5963,"parent":0,"menu_order":0,"comment_status":"closed","ping_status":"closed","template":"","meta":{"_acf_changed":false,"footnotes":""},"class_list":["post-1176","page","type-page","status-publish","has-post-thumbnail"],"acf":[],"yoast_head":"<!-- This site is optimized with the Yoast SEO Premium plugin v27.3 (Yoast SEO v27.3) - https:\/\/yoast.com\/product\/yoast-seo-premium-wordpress\/ -->\n<title>Soroks\u00e1r Apartments - Virtu\u00e1lis lak\u00e1sbej\u00e1r\u00e1s<\/title>\n<meta name=\"description\" content=\"Interakt\u00edv bej\u00e1r\u00e1sunk seg\u00edts\u00e9g\u00e9vel megtekintheti apartmanjaink bels\u0151 kialak\u00edt\u00e1s\u00e1t. Gy\u0151z\u0151dj\u00f6n meg saj\u00e1t szem\u00e9vel projekt\u00fcnk \u00e9rt\u00e9k\u00e1ll\u00f3s\u00e1g\u00e1r\u00f3l!\" \/>\n<meta name=\"robots\" content=\"noindex, follow, max-snippet:-1, max-image-preview:large, max-video-preview:-1\" \/>\n<meta property=\"og:locale\" content=\"en_GB\" \/>\n<meta property=\"og:type\" content=\"article\" \/>\n<meta property=\"og:title\" content=\"Virtu\u00e1lis lak\u00e1sbej\u00e1r\u00e1s\" \/>\n<meta property=\"og:description\" content=\"Interakt\u00edv bej\u00e1r\u00e1sunk seg\u00edts\u00e9g\u00e9vel megtekintheti apartmanjaink bels\u0151 kialak\u00edt\u00e1s\u00e1t. Gy\u0151z\u0151dj\u00f6n meg saj\u00e1t szem\u00e9vel projekt\u00fcnk \u00e9rt\u00e9k\u00e1ll\u00f3s\u00e1g\u00e1r\u00f3l!\" \/>\n<meta property=\"og:url\" content=\"https:\/\/ecofriend.hu\/en\/virtualis-lakasbejaras\/\" \/>\n<meta property=\"og:site_name\" content=\"Soroks\u00e1r Apartments\" \/>\n<meta property=\"article:modified_time\" content=\"2026-03-16T14:43:19+00:00\" \/>\n<meta name=\"twitter:card\" content=\"summary_large_image\" \/>\n<meta name=\"twitter:label1\" content=\"Estimated reading time\" \/>\n\t<meta name=\"twitter:data1\" content=\"1 minute\" \/>\n<script type=\"application\/ld+json\" class=\"yoast-schema-graph\">{\"@context\":\"https:\\\/\\\/schema.org\",\"@graph\":[{\"@type\":\"WebPage\",\"@id\":\"https:\\\/\\\/ecofriend.hu\\\/virtualis-lakasbejaras\\\/\",\"url\":\"https:\\\/\\\/ecofriend.hu\\\/virtualis-lakasbejaras\\\/\",\"name\":\"Soroks\u00e1r Apartments - Virtu\u00e1lis lak\u00e1sbej\u00e1r\u00e1s\",\"isPartOf\":{\"@id\":\"https:\\\/\\\/ecofriend.hu\\\/#website\"},\"primaryImageOfPage\":{\"@id\":\"https:\\\/\\\/ecofriend.hu\\\/virtualis-lakasbejaras\\\/#primaryimage\"},\"image\":{\"@id\":\"https:\\\/\\\/ecofriend.hu\\\/virtualis-lakasbejaras\\\/#primaryimage\"},\"thumbnailUrl\":\"https:\\\/\\\/ecofriend.hu\\\/wp-content\\\/uploads\\\/2026\\\/02\\\/52_01.avif\",\"datePublished\":\"2026-01-24T21:51:23+00:00\",\"dateModified\":\"2026-03-16T14:43:19+00:00\",\"description\":\"Interakt\u00edv bej\u00e1r\u00e1sunk seg\u00edts\u00e9g\u00e9vel megtekintheti apartmanjaink bels\u0151 kialak\u00edt\u00e1s\u00e1t. Gy\u0151z\u0151dj\u00f6n meg saj\u00e1t szem\u00e9vel projekt\u00fcnk \u00e9rt\u00e9k\u00e1ll\u00f3s\u00e1g\u00e1r\u00f3l!\",\"breadcrumb\":{\"@id\":\"https:\\\/\\\/ecofriend.hu\\\/virtualis-lakasbejaras\\\/#breadcrumb\"},\"inLanguage\":\"en-GB\",\"potentialAction\":[{\"@type\":\"ReadAction\",\"target\":[\"https:\\\/\\\/ecofriend.hu\\\/virtualis-lakasbejaras\\\/\"]}]},{\"@type\":\"ImageObject\",\"inLanguage\":\"en-GB\",\"@id\":\"https:\\\/\\\/ecofriend.hu\\\/virtualis-lakasbejaras\\\/#primaryimage\",\"url\":\"https:\\\/\\\/ecofriend.hu\\\/wp-content\\\/uploads\\\/2026\\\/02\\\/52_01.avif\",\"contentUrl\":\"https:\\\/\\\/ecofriend.hu\\\/wp-content\\\/uploads\\\/2026\\\/02\\\/52_01.avif\",\"width\":1920,\"height\":1080},{\"@type\":\"BreadcrumbList\",\"@id\":\"https:\\\/\\\/ecofriend.hu\\\/virtualis-lakasbejaras\\\/#breadcrumb\",\"itemListElement\":[{\"@type\":\"ListItem\",\"position\":1,\"name\":\"Kezd\u0151lap\",\"item\":\"https:\\\/\\\/ecofriend.hu\\\/\"},{\"@type\":\"ListItem\",\"position\":2,\"name\":\"Virtu\u00e1lis lak\u00e1sbej\u00e1r\u00e1s\"}]},{\"@type\":\"WebSite\",\"@id\":\"https:\\\/\\\/ecofriend.hu\\\/#website\",\"url\":\"https:\\\/\\\/ecofriend.hu\\\/\",\"name\":\"Soroks\u00e1r Apartments\",\"description\":\"Saj\u00e1t \u00e9s befektet\u00e9si c\u00e9l\u00fa ingatlanok kivitelez\u00e9se, Soroks\u00e1ron.\",\"publisher\":{\"@id\":\"https:\\\/\\\/ecofriend.hu\\\/#organization\"},\"potentialAction\":[{\"@type\":\"SearchAction\",\"target\":{\"@type\":\"EntryPoint\",\"urlTemplate\":\"https:\\\/\\\/ecofriend.hu\\\/?s={search_term_string}\"},\"query-input\":{\"@type\":\"PropertyValueSpecification\",\"valueRequired\":true,\"valueName\":\"search_term_string\"}}],\"inLanguage\":\"en-GB\"},{\"@type\":\"Organization\",\"@id\":\"https:\\\/\\\/ecofriend.hu\\\/#organization\",\"name\":\"Soroks\u00e1r Apartments\",\"url\":\"https:\\\/\\\/ecofriend.hu\\\/\",\"logo\":{\"@type\":\"ImageObject\",\"inLanguage\":\"en-GB\",\"@id\":\"https:\\\/\\\/ecofriend.hu\\\/#\\\/schema\\\/logo\\\/image\\\/\",\"url\":\"https:\\\/\\\/ecofriend.hu\\\/wp-content\\\/uploads\\\/2026\\\/01\\\/logo-color-w.svg\",\"contentUrl\":\"https:\\\/\\\/ecofriend.hu\\\/wp-content\\\/uploads\\\/2026\\\/01\\\/logo-color-w.svg\",\"width\":350,\"height\":294.92401,\"caption\":\"Soroks\u00e1r Apartments\"},\"image\":{\"@id\":\"https:\\\/\\\/ecofriend.hu\\\/#\\\/schema\\\/logo\\\/image\\\/\"}}]}<\/script>\n<!-- \/ Yoast SEO Premium plugin. -->","yoast_head_json":{"title":"Soroks\u00e1r Apartments - Virtu\u00e1lis lak\u00e1sbej\u00e1r\u00e1s","description":"Interakt\u00edv bej\u00e1r\u00e1sunk seg\u00edts\u00e9g\u00e9vel megtekintheti apartmanjaink bels\u0151 kialak\u00edt\u00e1s\u00e1t. Gy\u0151z\u0151dj\u00f6n meg saj\u00e1t szem\u00e9vel projekt\u00fcnk \u00e9rt\u00e9k\u00e1ll\u00f3s\u00e1g\u00e1r\u00f3l!","robots":{"index":"noindex","follow":"follow","max-snippet":"max-snippet:-1","max-image-preview":"max-image-preview:large","max-video-preview":"max-video-preview:-1"},"og_locale":"en_GB","og_type":"article","og_title":"Virtu\u00e1lis lak\u00e1sbej\u00e1r\u00e1s","og_description":"Interakt\u00edv bej\u00e1r\u00e1sunk seg\u00edts\u00e9g\u00e9vel megtekintheti apartmanjaink bels\u0151 kialak\u00edt\u00e1s\u00e1t. Gy\u0151z\u0151dj\u00f6n meg saj\u00e1t szem\u00e9vel projekt\u00fcnk \u00e9rt\u00e9k\u00e1ll\u00f3s\u00e1g\u00e1r\u00f3l!","og_url":"https:\/\/ecofriend.hu\/en\/virtualis-lakasbejaras\/","og_site_name":"Soroks\u00e1r Apartments","article_modified_time":"2026-03-16T14:43:19+00:00","twitter_card":"summary_large_image","twitter_misc":{"Estimated reading time":"1 minute"},"schema":{"@context":"https:\/\/schema.org","@graph":[{"@type":"WebPage","@id":"https:\/\/ecofriend.hu\/virtualis-lakasbejaras\/","url":"https:\/\/ecofriend.hu\/virtualis-lakasbejaras\/","name":"Soroks\u00e1r Apartments - Virtu\u00e1lis lak\u00e1sbej\u00e1r\u00e1s","isPartOf":{"@id":"https:\/\/ecofriend.hu\/#website"},"primaryImageOfPage":{"@id":"https:\/\/ecofriend.hu\/virtualis-lakasbejaras\/#primaryimage"},"image":{"@id":"https:\/\/ecofriend.hu\/virtualis-lakasbejaras\/#primaryimage"},"thumbnailUrl":"https:\/\/ecofriend.hu\/wp-content\/uploads\/2026\/02\/52_01.avif","datePublished":"2026-01-24T21:51:23+00:00","dateModified":"2026-03-16T14:43:19+00:00","description":"Interakt\u00edv bej\u00e1r\u00e1sunk seg\u00edts\u00e9g\u00e9vel megtekintheti apartmanjaink bels\u0151 kialak\u00edt\u00e1s\u00e1t. Gy\u0151z\u0151dj\u00f6n meg saj\u00e1t szem\u00e9vel projekt\u00fcnk \u00e9rt\u00e9k\u00e1ll\u00f3s\u00e1g\u00e1r\u00f3l!","breadcrumb":{"@id":"https:\/\/ecofriend.hu\/virtualis-lakasbejaras\/#breadcrumb"},"inLanguage":"en-GB","potentialAction":[{"@type":"ReadAction","target":["https:\/\/ecofriend.hu\/virtualis-lakasbejaras\/"]}]},{"@type":"ImageObject","inLanguage":"en-GB","@id":"https:\/\/ecofriend.hu\/virtualis-lakasbejaras\/#primaryimage","url":"https:\/\/ecofriend.hu\/wp-content\/uploads\/2026\/02\/52_01.avif","contentUrl":"https:\/\/ecofriend.hu\/wp-content\/uploads\/2026\/02\/52_01.avif","width":1920,"height":1080},{"@type":"BreadcrumbList","@id":"https:\/\/ecofriend.hu\/virtualis-lakasbejaras\/#breadcrumb","itemListElement":[{"@type":"ListItem","position":1,"name":"Kezd\u0151lap","item":"https:\/\/ecofriend.hu\/"},{"@type":"ListItem","position":2,"name":"Virtu\u00e1lis lak\u00e1sbej\u00e1r\u00e1s"}]},{"@type":"WebSite","@id":"https:\/\/ecofriend.hu\/#website","url":"https:\/\/ecofriend.hu\/","name":"Soroks\u00e1r Apartments","description":"Saj\u00e1t \u00e9s befektet\u00e9si c\u00e9l\u00fa ingatlanok kivitelez\u00e9se, Soroks\u00e1ron.","publisher":{"@id":"https:\/\/ecofriend.hu\/#organization"},"potentialAction":[{"@type":"SearchAction","target":{"@type":"EntryPoint","urlTemplate":"https:\/\/ecofriend.hu\/?s={search_term_string}"},"query-input":{"@type":"PropertyValueSpecification","valueRequired":true,"valueName":"search_term_string"}}],"inLanguage":"en-GB"},{"@type":"Organization","@id":"https:\/\/ecofriend.hu\/#organization","name":"Soroks\u00e1r Apartments","url":"https:\/\/ecofriend.hu\/","logo":{"@type":"ImageObject","inLanguage":"en-GB","@id":"https:\/\/ecofriend.hu\/#\/schema\/logo\/image\/","url":"https:\/\/ecofriend.hu\/wp-content\/uploads\/2026\/01\/logo-color-w.svg","contentUrl":"https:\/\/ecofriend.hu\/wp-content\/uploads\/2026\/01\/logo-color-w.svg","width":350,"height":294.92401,"caption":"Soroks\u00e1r Apartments"},"image":{"@id":"https:\/\/ecofriend.hu\/#\/schema\/logo\/image\/"}}]}},"_links":{"self":[{"href":"https:\/\/ecofriend.hu\/en\/wp-json\/wp\/v2\/pages\/1176","targetHints":{"allow":["GET"]}}],"collection":[{"href":"https:\/\/ecofriend.hu\/en\/wp-json\/wp\/v2\/pages"}],"about":[{"href":"https:\/\/ecofriend.hu\/en\/wp-json\/wp\/v2\/types\/page"}],"author":[{"embeddable":true,"href":"https:\/\/ecofriend.hu\/en\/wp-json\/wp\/v2\/users\/1"}],"replies":[{"embeddable":true,"href":"https:\/\/ecofriend.hu\/en\/wp-json\/wp\/v2\/comments?post=1176"}],"version-history":[{"count":0,"href":"https:\/\/ecofriend.hu\/en\/wp-json\/wp\/v2\/pages\/1176\/revisions"}],"wp:featuredmedia":[{"embeddable":true,"href":"https:\/\/ecofriend.hu\/en\/wp-json\/wp\/v2\/media\/5963"}],"wp:attachment":[{"href":"https:\/\/ecofriend.hu\/en\/wp-json\/wp\/v2\/media?parent=1176"}],"curies":[{"name":"wp","href":"https:\/\/api.w.org\/{rel}","templated":true}]}}