{"id":1250,"date":"2026-01-24T22:55:29","date_gmt":"2026-01-24T22:55:29","guid":{"rendered":"https:\/\/ecofriend.hu\/?page_id=1250"},"modified":"2026-03-16T13:51:25","modified_gmt":"2026-03-16T13:51:25","slug":"finanszirozas","status":"publish","type":"page","link":"https:\/\/ecofriend.hu\/en\/finanszirozas\/","title":{"rendered":"Financing"},"content":{"rendered":"<div data-elementor-type=\"wp-page\" data-elementor-id=\"1250\" class=\"elementor elementor-1250\" data-elementor-post-type=\"page\">\n\t\t\t\t<div data-dce-background-image-url=\"https:\/\/ecofriend.hu\/wp-content\/uploads\/2026\/01\/fin-hero-back.webp\" class=\"elementor-element elementor-element-35783f0f e-flex e-con-boxed e-con e-parent\" data-id=\"35783f0f\" data-element_type=\"container\" data-e-type=\"container\" data-settings=\"{&quot;background_background&quot;:&quot;classic&quot;}\">\n\t\t\t\t\t<div class=\"e-con-inner\">\n\t\t\t\t<div class=\"elementor-element elementor-element-59472b38 elementor-widget elementor-widget-heading\" data-id=\"59472b38\" data-element_type=\"widget\" data-e-type=\"widget\" data-widget_type=\"heading.default\">\n\t\t\t\t\t<h1 class=\"elementor-heading-title elementor-size-default\">Financing<\/h1>\t\t\t\t<\/div>\n\t\t\t\t\t<\/div>\n\t\t\t\t<\/div>\n\t\t<div class=\"elementor-element elementor-element-13bb174 e-flex e-con-boxed e-con e-parent\" data-id=\"13bb174\" data-element_type=\"container\" data-e-type=\"container\">\n\t\t\t\t\t<div class=\"e-con-inner\">\n\t\t<div class=\"elementor-element elementor-element-62794f1 e-con-full e-flex e-con e-child\" data-id=\"62794f1\" data-element_type=\"container\" data-e-type=\"container\">\n\t\t<div class=\"elementor-element elementor-element-3b81667 e-con-full e-flex e-con e-child\" data-id=\"3b81667\" data-element_type=\"container\" data-e-type=\"container\" data-settings=\"{&quot;background_background&quot;:&quot;classic&quot;}\">\n\t\t\t\t<div class=\"elementor-element elementor-element-57da7a1 elementor-widget elementor-widget-heading\" data-id=\"57da7a1\" data-element_type=\"widget\" data-e-type=\"widget\" data-widget_type=\"heading.default\">\n\t\t\t\t\t<h2 class=\"elementor-heading-title elementor-size-default\">General Mortgage Discounts:\n<\/h2>\t\t\t\t<\/div>\n\t\t\t\t<div class=\"elementor-element elementor-element-e178d38 elementor-widget elementor-widget-text-editor\" data-id=\"e178d38\" data-element_type=\"widget\" data-e-type=\"widget\" data-widget_type=\"text-editor.default\">\n\t\t\t\t\t\t\t\t\t<ul><li>We will cover your notary fees up to HUF 30,000.<\/li><li>We are waiving the contract fee for you (a savings of HUF 30,000).<\/li><\/ul>\t\t\t\t\t\t\t\t<\/div>\n\t\t\t\t<\/div>\n\t\t<div class=\"elementor-element elementor-element-467d18d e-con-full e-flex e-con e-child\" data-id=\"467d18d\" data-element_type=\"container\" data-e-type=\"container\" data-settings=\"{&quot;background_background&quot;:&quot;classic&quot;}\">\n\t\t\t\t<div class=\"elementor-element elementor-element-ed94c2a elementor-widget elementor-widget-heading\" data-id=\"ed94c2a\" data-element_type=\"widget\" data-e-type=\"widget\" data-widget_type=\"heading.default\">\n\t\t\t\t\t<h2 class=\"elementor-heading-title elementor-size-default\">Exclusive Mortgage Offers:\n<\/h2>\t\t\t\t<\/div>\n\t\t\t\t<div class=\"elementor-element elementor-element-d5e92d5 elementor-widget elementor-widget-text-editor\" data-id=\"d5e92d5\" data-element_type=\"widget\" data-e-type=\"widget\" data-widget_type=\"text-editor.default\">\n\t\t\t\t\t\t\t\t\t<ul><li>The interest rate for the \"Otthon Start\" Home Loan is 2.89%.<\/li><li>The property appraisal fee is waived.<\/li><li>Disbursement upon issuance of a final occupancy permit at 100% completion.<\/li><li>Loan availability: 540 days + optional 2 \u00d7 90-day extension.<\/li><li>Optional customized market rate discounts (subject to individual credit assessment).<\/li><\/ul>\t\t\t\t\t\t\t\t<\/div>\n\t\t\t\t<\/div>\n\t\t<div class=\"elementor-element elementor-element-17cb8b3 e-con-full e-flex e-con e-child\" data-id=\"17cb8b3\" data-element_type=\"container\" data-e-type=\"container\" data-settings=\"{&quot;background_background&quot;:&quot;classic&quot;}\">\n\t\t\t\t<div class=\"elementor-element elementor-element-80f81d9 elementor-widget elementor-widget-heading\" data-id=\"80f81d9\" data-element_type=\"widget\" data-e-type=\"widget\" data-widget_type=\"heading.default\">\n\t\t\t\t\t<h2 class=\"elementor-heading-title elementor-size-default\">DUO Offer:\n<\/h2>\t\t\t\t<\/div>\n\t\t\t\t<div class=\"elementor-element elementor-element-cc9be94 elementor-widget elementor-widget-text-editor\" data-id=\"cc9be94\" data-element_type=\"widget\" data-e-type=\"widget\" data-widget_type=\"text-editor.default\">\n\t\t\t\t\t\t\t\t\t<p><strong>In the event of a combined application for a state-subsidized home loan (such as CSOK Plus or Rural CSOK) and a 10-year fixed-rate market mortgage, we provide a fixed 5.90% interest rate for the market-rate portion.<\/strong><\/p><p>This rate is applicable for the first interest period (10 years). The market-rate mortgage is available in \"Standard\" or \"Equator\" variants. Please note that the market-rate loan amount may exceed the amount of the subsidized loan.<\/p>\t\t\t\t\t\t\t\t<\/div>\n\t\t\t\t<\/div>\n\t\t\t\t<\/div>\n\t\t<div class=\"elementor-element elementor-element-21c4cef e-con-full e-flex e-con e-child\" data-id=\"21c4cef\" data-element_type=\"container\" data-e-type=\"container\">\n\t\t<div class=\"elementor-element elementor-element-b0214d1 e-con-full e-flex e-con e-child\" data-id=\"b0214d1\" data-element_type=\"container\" data-e-type=\"container\" data-settings=\"{&quot;background_background&quot;:&quot;classic&quot;}\">\n\t\t\t\t<div class=\"elementor-element elementor-element-71db21b elementor-widget elementor-widget-heading\" data-id=\"71db21b\" data-element_type=\"widget\" data-e-type=\"widget\" data-widget_type=\"heading.default\">\n\t\t\t\t\t<h2 class=\"elementor-heading-title elementor-size-default\">\"Otthon Start\" Mortgage Incentives:\n<\/h2>\t\t\t\t<\/div>\n\t\t\t\t<div class=\"elementor-element elementor-element-0aea076 elementor-widget elementor-widget-text-editor\" data-id=\"0aea076\" data-element_type=\"widget\" data-e-type=\"widget\" data-widget_type=\"text-editor.default\">\n\t\t\t\t\t\t\t\t\t<p><strong>Receive a credit of up to HUF 350,000 upon successful application!<\/strong><\/p><p>Within the framework of this promotion, eligible customers will receive a one-time lump-sum credit based on the disbursed loan amount: a HUF 230,000 credit for loan amounts between HUF 10,000,000 and HUF 29,999,999, and a HUF 330,000 credit for loan amounts between HUF 30,000,000 and HUF 50,000,000.<\/p><ul><li>To be eligible, you must hold one of the following account packages at the time of the \"Otthon Start\" loan disbursement: MBH Kedvezm\u00e9ny, MBH Kedvezm\u00e9ny Plusz, MBH Pr\u00e9mium, MBH Partner Plusz, or MBH Kiemelt Partner.<\/li><li>Maintain a minimum monthly salary credit of HUF 250,000 to your account for the entire duration of the loan.<\/li><\/ul><p>Extra Bonus: Sign a Home Savings Plan with Fundamenta-Lak\u00e1skassza Zrt. between your loan application and disbursement to receive an additional HUF 20,000 credit.<\/p>\t\t\t\t\t\t\t\t<\/div>\n\t\t\t\t<\/div>\n\t\t<div class=\"elementor-element elementor-element-6b62526 e-con-full e-flex e-con e-child\" data-id=\"6b62526\" data-element_type=\"container\" data-e-type=\"container\" data-settings=\"{&quot;background_background&quot;:&quot;classic&quot;}\">\n\t\t\t\t<div class=\"elementor-element elementor-element-541fa6e elementor-widget elementor-widget-heading\" data-id=\"541fa6e\" data-element_type=\"widget\" data-e-type=\"widget\" data-widget_type=\"heading.default\">\n\t\t\t\t\t<h2 class=\"elementor-heading-title elementor-size-default\">Prenatal Subsidized Loan Incentives:\n<\/h2>\t\t\t\t<\/div>\n\t\t\t\t<div class=\"elementor-element elementor-element-6e5ab50 elementor-widget elementor-widget-text-editor\" data-id=\"6e5ab50\" data-element_type=\"widget\" data-e-type=\"widget\" data-widget_type=\"text-editor.default\">\n\t\t\t\t\t\t\t\t\t<p><strong>Promotional Offer: Apply for an MBH \"Babav\u00e1r\u00f3\" (Prenatal) Loan to be eligible for a HUF 130,000 one-time credit and a HUF 50,000 Brendon gift voucher.<\/strong><\/p>\t\t\t\t\t\t\t\t<\/div>\n\t\t\t\t<div class=\"elementor-element elementor-element-82acfb6 elementor-widget elementor-widget-text-editor\" data-id=\"82acfb6\" data-element_type=\"widget\" data-e-type=\"widget\" data-widget_type=\"text-editor.default\">\n\t\t\t\t\t\t\t\t\t<ul><li>The offer is valid only if you do not have an active or previously submitted \"Babav\u00e1r\u00f3\" loan application with MBH Bank at the time of the promotion's launch.<\/li><li>The offer applies provided that the disbursed \"Babav\u00e1r\u00f3\" Loan amount reaches or exceeds HUF 10,000,000.<\/li><\/ul>\t\t\t\t\t\t\t\t<\/div>\n\t\t\t\t<\/div>\n\t\t<div class=\"elementor-element elementor-element-9be6fee e-con-full e-flex e-con e-child\" data-id=\"9be6fee\" data-element_type=\"container\" data-e-type=\"container\" data-settings=\"{&quot;background_background&quot;:&quot;classic&quot;}\">\n\t\t\t\t<div class=\"elementor-element elementor-element-5fc290b elementor-widget elementor-widget-heading\" data-id=\"5fc290b\" data-element_type=\"widget\" data-e-type=\"widget\" data-widget_type=\"heading.default\">\n\t\t\t\t\t<h2 class=\"elementor-heading-title elementor-size-default\">Legal Fees:<\/h2>\t\t\t\t<\/div>\n\t\t\t\t<div class=\"elementor-element elementor-element-bb2d1e1 elementor-widget elementor-widget-text-editor\" data-id=\"bb2d1e1\" data-element_type=\"widget\" data-e-type=\"widget\" data-widget_type=\"text-editor.default\">\n\t\t\t\t\t\t\t\t\t<p><strong>The legal fees for the sale and purchase agreement will be fully borne by the developer for the first thirty customers.<\/strong><\/p>\t\t\t\t\t\t\t\t<\/div>\n\t\t\t\t<\/div>\n\t\t\t\t<\/div>\n\t\t\t\t\t<\/div>\n\t\t\t\t<\/div>\n\t\t<div class=\"elementor-element elementor-element-69f0e3c e-flex e-con-boxed e-con e-parent\" data-id=\"69f0e3c\" data-element_type=\"container\" data-e-type=\"container\">\n\t\t\t\t\t<div class=\"e-con-inner\">\n\t\t<div class=\"elementor-element elementor-element-72a8d52 e-con-full e-flex e-con e-child\" data-id=\"72a8d52\" data-element_type=\"container\" data-e-type=\"container\" data-settings=\"{&quot;background_background&quot;:&quot;classic&quot;}\">\n\t\t\t\t<div class=\"elementor-element elementor-element-9a20751 elementor-widget__width-inherit elementor-widget elementor-widget-heading\" data-id=\"9a20751\" data-element_type=\"widget\" data-e-type=\"widget\" data-widget_type=\"heading.default\">\n\t\t\t\t\t<h2 class=\"elementor-heading-title elementor-size-default\">\"Equator\" financing:<\/h2>\t\t\t\t<\/div>\n\t\t\t\t<div class=\"elementor-element elementor-element-0384b7c elementor-widget__width-inherit elementor-widget elementor-widget-text-editor\" data-id=\"0384b7c\" data-element_type=\"widget\" data-e-type=\"widget\" data-widget_type=\"text-editor.default\">\n\t\t\t\t\t\t\t\t\t<p>If you receive your salary, build your safety reserves, or hold your liquid assets in your current account, you will receive a discount equivalent to your mortgage interest rate on your account balance (up to 70% of the current outstanding principal). This benefit is automatically credited as a free partial prepayment every six months, effectively reducing your original loan term and the total amount repayable.<\/p>\t\t\t\t\t\t\t\t<\/div>\n\t\t<div class=\"elementor-element elementor-element-a55b647 e-con-full e-flex e-con e-child\" data-id=\"a55b647\" data-element_type=\"container\" data-e-type=\"container\">\n\t\t\t\t<div class=\"elementor-element elementor-element-593eb5f elementor-widget elementor-widget-text-editor\" data-id=\"593eb5f\" data-element_type=\"widget\" data-e-type=\"widget\" data-widget_type=\"text-editor.default\">\n\t\t\t\t\t\t\t\t\t<p><strong>How it works?<\/strong><\/p>\t\t\t\t\t\t\t\t<\/div>\n\t\t\t\t<div class=\"elementor-element elementor-element-229e741 elementor-widget elementor-widget-text-editor\" data-id=\"229e741\" data-element_type=\"widget\" data-e-type=\"widget\" data-widget_type=\"text-editor.default\">\n\t\t\t\t\t\t\t\t\t<ol><li>Earn a benefit matching your loan's interest rate on your liquid account balance (without the need for fixed-term deposits), applied up to 70% of your current loan balance.<\/li><li>Every six months, the Bank automatically credits your earned interest benefits as a fee-free prepayment into your loan principal. Your loan is then recalculated so that your monthly payments stay the same, but your debt decreases faster.<\/li><li>This process effectively shortens your mortgage term, as long as the total credited interest benefit allows for a reduction of at least one month in the remaining duration.<\/li><\/ol>\t\t\t\t\t\t\t\t<\/div>\n\t\t\t\t<\/div>\n\t\t<div class=\"elementor-element elementor-element-cac3bcb e-con-full e-flex e-con e-child\" data-id=\"cac3bcb\" data-element_type=\"container\" data-e-type=\"container\">\n\t\t\t\t<div class=\"elementor-element elementor-element-48ff114 elementor-widget elementor-widget-image\" data-id=\"48ff114\" data-element_type=\"widget\" data-e-type=\"widget\" data-widget_type=\"image.default\">\n\t\t\t\t\t\t\t\t\t\t\t\t\t\t\t\t<a href=\"https:\/\/ecofriend.hu\/wp-content\/uploads\/2026\/02\/913d1454-0c4c-11f1-bdb3-0242ac120005.avif\" data-elementor-open-lightbox=\"yes\" data-elementor-lightbox-title=\"913d1454-0c4c-11f1-bdb3-0242ac120005\" data-e-action-hash=\"#elementor-action%3Aaction%3Dlightbox%26settings%3DeyJpZCI6NTEwMywidXJsIjoiaHR0cHM6XC9cL2Vjb2ZyaWVuZC5odVwvd3AtY29udGVudFwvdXBsb2Fkc1wvMjAyNlwvMDJcLzkxM2QxNDU0LTBjNGMtMTFmMS1iZGIzLTAyNDJhYzEyMDAwNS5hdmlmIn0%3D\">\n\t\t\t\t\t\t\t<img fetchpriority=\"high\" decoding=\"async\" width=\"1024\" height=\"533\" src=\"https:\/\/ecofriend.hu\/wp-content\/uploads\/2026\/02\/913d1454-0c4c-11f1-bdb3-0242ac120005-1024x533.avif\" class=\"attachment-large size-large wp-image-5103\" alt=\"\" srcset=\"https:\/\/ecofriend.hu\/wp-content\/uploads\/2026\/02\/913d1454-0c4c-11f1-bdb3-0242ac120005-1024x533.avif 1024w, https:\/\/ecofriend.hu\/wp-content\/uploads\/2026\/02\/913d1454-0c4c-11f1-bdb3-0242ac120005-700x365.avif 700w, https:\/\/ecofriend.hu\/wp-content\/uploads\/2026\/02\/913d1454-0c4c-11f1-bdb3-0242ac120005-768x400.avif 768w, https:\/\/ecofriend.hu\/wp-content\/uploads\/2026\/02\/913d1454-0c4c-11f1-bdb3-0242ac120005-18x9.avif 18w, https:\/\/ecofriend.hu\/wp-content\/uploads\/2026\/02\/913d1454-0c4c-11f1-bdb3-0242ac120005.avif 1363w\" sizes=\"(max-width: 1024px) 100vw, 1024px\" \/>\t\t\t\t\t\t\t\t<\/a>\n\t\t\t\t\t\t\t\t\t\t\t\t\t\t\t<\/div>\n\t\t\t\t<\/div>\n\t\t\t\t<\/div>\n\t\t\t\t\t<\/div>\n\t\t\t\t<\/div>\n\t\t\t\t<\/div>","protected":false},"excerpt":{"rendered":"<p>Finansz\u00edroz\u00e1s \u00c1ltal\u00e1nos jelz\u00e1loghitel kedvezm\u00e9nyek: \u00c1tv\u00e1llaljuk a K\u00f6zjegyz\u0151i d\u00edjat (maximum 30 000 Ft-ig). Elengedj\u00fck a szerz\u0151d\u00e9sk\u00f6t\u00e9si d\u00edjat (30 000 Ft). Egyedi jelz\u00e1loghitel kedvezm\u00e9nyek: Otthon Start Lak\u00e1shitel kamata 2,89%. Elengedj\u00fck az \u00e9rt\u00e9kbecsl\u00e9s d\u00edj\u00e1t. Joger\u0151s haszn\u00e1latbav\u00e9teli enged\u00e9lyre t\u00f6rt\u00e9n\u0151 foly\u00f3s\u00edt\u00e1s 100%-os k\u00e9sz\u00fclts\u00e9gi fok mellett. Hitelek rendelkez\u00e9sre tart\u00e1si ideje 540 nap, ami sz\u00fcks\u00e9g eset\u00e9n hosszabb\u00edthat\u00f3 2&#215;90 nappal. Opcion\u00e1lisan egyedi piaci &#8230; <a title=\"Financing\" class=\"read-more\" href=\"https:\/\/ecofriend.hu\/en\/finanszirozas\/\" aria-label=\"Read more about Finansz\u00edroz\u00e1s\">Read more<\/a><\/p>","protected":false},"author":1,"featured_media":7347,"parent":0,"menu_order":0,"comment_status":"closed","ping_status":"closed","template":"","meta":{"_acf_changed":false,"footnotes":""},"class_list":["post-1250","page","type-page","status-publish","has-post-thumbnail"],"acf":[],"yoast_head":"<!-- This site is optimized with the Yoast SEO Premium plugin v27.3 (Yoast SEO v27.3) - https:\/\/yoast.com\/product\/yoast-seo-premium-wordpress\/ -->\n<title>Soroks\u00e1r Apartments - Finansz\u00edroz\u00e1s<\/title>\n<meta name=\"description\" content=\"Ig\u00e9nyelhet\u0151 \u00e1llami t\u00e1mogat\u00e1sok, kedvezm\u00e9nyek, hitelaj\u00e1nlat, konstrukci\u00f3 aj\u00e1nlat, munkad\u00edjak.\" \/>\n<meta name=\"robots\" content=\"noindex, follow, max-snippet:-1, max-image-preview:large, max-video-preview:-1\" \/>\n<meta property=\"og:locale\" content=\"en_GB\" \/>\n<meta property=\"og:type\" content=\"article\" \/>\n<meta property=\"og:title\" content=\"Finansz\u00edroz\u00e1s\" \/>\n<meta property=\"og:description\" content=\"Ig\u00e9nyelhet\u0151 \u00e1llami t\u00e1mogat\u00e1sok, kedvezm\u00e9nyek, hitelaj\u00e1nlat, konstrukci\u00f3 aj\u00e1nlat, munkad\u00edjak.\" \/>\n<meta property=\"og:url\" content=\"https:\/\/ecofriend.hu\/en\/finanszirozas\/\" \/>\n<meta property=\"og:site_name\" content=\"Soroks\u00e1r Apartments\" \/>\n<meta property=\"article:modified_time\" content=\"2026-03-16T13:51:25+00:00\" \/>\n<meta property=\"og:image\" content=\"https:\/\/ecofriend.hu\/wp-content\/uploads\/2026\/03\/fin-hero-back-1024x675.png\" \/>\n\t<meta property=\"og:image:width\" content=\"1024\" \/>\n\t<meta property=\"og:image:height\" content=\"675\" \/>\n\t<meta property=\"og:image:type\" content=\"image\/png\" \/>\n<meta name=\"twitter:card\" content=\"summary_large_image\" \/>\n<meta name=\"twitter:label1\" content=\"Estimated reading time\" \/>\n\t<meta name=\"twitter:data1\" content=\"3 minutes\" \/>\n<script type=\"application\/ld+json\" class=\"yoast-schema-graph\">{\"@context\":\"https:\\\/\\\/schema.org\",\"@graph\":[{\"@type\":\"WebPage\",\"@id\":\"https:\\\/\\\/ecofriend.hu\\\/finanszirozas\\\/\",\"url\":\"https:\\\/\\\/ecofriend.hu\\\/finanszirozas\\\/\",\"name\":\"Soroks\u00e1r Apartments - Finansz\u00edroz\u00e1s\",\"isPartOf\":{\"@id\":\"https:\\\/\\\/ecofriend.hu\\\/#website\"},\"primaryImageOfPage\":{\"@id\":\"https:\\\/\\\/ecofriend.hu\\\/finanszirozas\\\/#primaryimage\"},\"image\":{\"@id\":\"https:\\\/\\\/ecofriend.hu\\\/finanszirozas\\\/#primaryimage\"},\"thumbnailUrl\":\"https:\\\/\\\/ecofriend.hu\\\/wp-content\\\/uploads\\\/2026\\\/03\\\/fin-hero-back.png\",\"datePublished\":\"2026-01-24T22:55:29+00:00\",\"dateModified\":\"2026-03-16T13:51:25+00:00\",\"description\":\"Ig\u00e9nyelhet\u0151 \u00e1llami t\u00e1mogat\u00e1sok, kedvezm\u00e9nyek, hitelaj\u00e1nlat, konstrukci\u00f3 aj\u00e1nlat, munkad\u00edjak.\",\"breadcrumb\":{\"@id\":\"https:\\\/\\\/ecofriend.hu\\\/finanszirozas\\\/#breadcrumb\"},\"inLanguage\":\"en-GB\",\"potentialAction\":[{\"@type\":\"ReadAction\",\"target\":[\"https:\\\/\\\/ecofriend.hu\\\/finanszirozas\\\/\"]}]},{\"@type\":\"ImageObject\",\"inLanguage\":\"en-GB\",\"@id\":\"https:\\\/\\\/ecofriend.hu\\\/finanszirozas\\\/#primaryimage\",\"url\":\"https:\\\/\\\/ecofriend.hu\\\/wp-content\\\/uploads\\\/2026\\\/03\\\/fin-hero-back.png\",\"contentUrl\":\"https:\\\/\\\/ecofriend.hu\\\/wp-content\\\/uploads\\\/2026\\\/03\\\/fin-hero-back.png\",\"width\":1920,\"height\":1265},{\"@type\":\"BreadcrumbList\",\"@id\":\"https:\\\/\\\/ecofriend.hu\\\/finanszirozas\\\/#breadcrumb\",\"itemListElement\":[{\"@type\":\"ListItem\",\"position\":1,\"name\":\"Kezd\u0151lap\",\"item\":\"https:\\\/\\\/ecofriend.hu\\\/\"},{\"@type\":\"ListItem\",\"position\":2,\"name\":\"Finansz\u00edroz\u00e1s\"}]},{\"@type\":\"WebSite\",\"@id\":\"https:\\\/\\\/ecofriend.hu\\\/#website\",\"url\":\"https:\\\/\\\/ecofriend.hu\\\/\",\"name\":\"Soroks\u00e1r Apartments\",\"description\":\"Saj\u00e1t \u00e9s befektet\u00e9si c\u00e9l\u00fa ingatlanok kivitelez\u00e9se, Soroks\u00e1ron.\",\"publisher\":{\"@id\":\"https:\\\/\\\/ecofriend.hu\\\/#organization\"},\"potentialAction\":[{\"@type\":\"SearchAction\",\"target\":{\"@type\":\"EntryPoint\",\"urlTemplate\":\"https:\\\/\\\/ecofriend.hu\\\/?s={search_term_string}\"},\"query-input\":{\"@type\":\"PropertyValueSpecification\",\"valueRequired\":true,\"valueName\":\"search_term_string\"}}],\"inLanguage\":\"en-GB\"},{\"@type\":\"Organization\",\"@id\":\"https:\\\/\\\/ecofriend.hu\\\/#organization\",\"name\":\"Soroks\u00e1r Apartments\",\"url\":\"https:\\\/\\\/ecofriend.hu\\\/\",\"logo\":{\"@type\":\"ImageObject\",\"inLanguage\":\"en-GB\",\"@id\":\"https:\\\/\\\/ecofriend.hu\\\/#\\\/schema\\\/logo\\\/image\\\/\",\"url\":\"https:\\\/\\\/ecofriend.hu\\\/wp-content\\\/uploads\\\/2026\\\/01\\\/logo-color-w.svg\",\"contentUrl\":\"https:\\\/\\\/ecofriend.hu\\\/wp-content\\\/uploads\\\/2026\\\/01\\\/logo-color-w.svg\",\"width\":350,\"height\":294.92401,\"caption\":\"Soroks\u00e1r Apartments\"},\"image\":{\"@id\":\"https:\\\/\\\/ecofriend.hu\\\/#\\\/schema\\\/logo\\\/image\\\/\"}}]}<\/script>\n<!-- \/ Yoast SEO Premium plugin. -->","yoast_head_json":{"title":"Soroks\u00e1r Apartments - Finansz\u00edroz\u00e1s","description":"Ig\u00e9nyelhet\u0151 \u00e1llami t\u00e1mogat\u00e1sok, kedvezm\u00e9nyek, hitelaj\u00e1nlat, konstrukci\u00f3 aj\u00e1nlat, munkad\u00edjak.","robots":{"index":"noindex","follow":"follow","max-snippet":"max-snippet:-1","max-image-preview":"max-image-preview:large","max-video-preview":"max-video-preview:-1"},"og_locale":"en_GB","og_type":"article","og_title":"Finansz\u00edroz\u00e1s","og_description":"Ig\u00e9nyelhet\u0151 \u00e1llami t\u00e1mogat\u00e1sok, kedvezm\u00e9nyek, hitelaj\u00e1nlat, konstrukci\u00f3 aj\u00e1nlat, munkad\u00edjak.","og_url":"https:\/\/ecofriend.hu\/en\/finanszirozas\/","og_site_name":"Soroks\u00e1r Apartments","article_modified_time":"2026-03-16T13:51:25+00:00","og_image":[{"width":1024,"height":675,"url":"https:\/\/ecofriend.hu\/wp-content\/uploads\/2026\/03\/fin-hero-back-1024x675.png","type":"image\/png"}],"twitter_card":"summary_large_image","twitter_misc":{"Estimated reading time":"3 minutes"},"schema":{"@context":"https:\/\/schema.org","@graph":[{"@type":"WebPage","@id":"https:\/\/ecofriend.hu\/finanszirozas\/","url":"https:\/\/ecofriend.hu\/finanszirozas\/","name":"Soroks\u00e1r Apartments - Finansz\u00edroz\u00e1s","isPartOf":{"@id":"https:\/\/ecofriend.hu\/#website"},"primaryImageOfPage":{"@id":"https:\/\/ecofriend.hu\/finanszirozas\/#primaryimage"},"image":{"@id":"https:\/\/ecofriend.hu\/finanszirozas\/#primaryimage"},"thumbnailUrl":"https:\/\/ecofriend.hu\/wp-content\/uploads\/2026\/03\/fin-hero-back.png","datePublished":"2026-01-24T22:55:29+00:00","dateModified":"2026-03-16T13:51:25+00:00","description":"Ig\u00e9nyelhet\u0151 \u00e1llami t\u00e1mogat\u00e1sok, kedvezm\u00e9nyek, hitelaj\u00e1nlat, konstrukci\u00f3 aj\u00e1nlat, munkad\u00edjak.","breadcrumb":{"@id":"https:\/\/ecofriend.hu\/finanszirozas\/#breadcrumb"},"inLanguage":"en-GB","potentialAction":[{"@type":"ReadAction","target":["https:\/\/ecofriend.hu\/finanszirozas\/"]}]},{"@type":"ImageObject","inLanguage":"en-GB","@id":"https:\/\/ecofriend.hu\/finanszirozas\/#primaryimage","url":"https:\/\/ecofriend.hu\/wp-content\/uploads\/2026\/03\/fin-hero-back.png","contentUrl":"https:\/\/ecofriend.hu\/wp-content\/uploads\/2026\/03\/fin-hero-back.png","width":1920,"height":1265},{"@type":"BreadcrumbList","@id":"https:\/\/ecofriend.hu\/finanszirozas\/#breadcrumb","itemListElement":[{"@type":"ListItem","position":1,"name":"Kezd\u0151lap","item":"https:\/\/ecofriend.hu\/"},{"@type":"ListItem","position":2,"name":"Finansz\u00edroz\u00e1s"}]},{"@type":"WebSite","@id":"https:\/\/ecofriend.hu\/#website","url":"https:\/\/ecofriend.hu\/","name":"Soroks\u00e1r Apartments","description":"Saj\u00e1t \u00e9s befektet\u00e9si c\u00e9l\u00fa ingatlanok kivitelez\u00e9se, Soroks\u00e1ron.","publisher":{"@id":"https:\/\/ecofriend.hu\/#organization"},"potentialAction":[{"@type":"SearchAction","target":{"@type":"EntryPoint","urlTemplate":"https:\/\/ecofriend.hu\/?s={search_term_string}"},"query-input":{"@type":"PropertyValueSpecification","valueRequired":true,"valueName":"search_term_string"}}],"inLanguage":"en-GB"},{"@type":"Organization","@id":"https:\/\/ecofriend.hu\/#organization","name":"Soroks\u00e1r Apartments","url":"https:\/\/ecofriend.hu\/","logo":{"@type":"ImageObject","inLanguage":"en-GB","@id":"https:\/\/ecofriend.hu\/#\/schema\/logo\/image\/","url":"https:\/\/ecofriend.hu\/wp-content\/uploads\/2026\/01\/logo-color-w.svg","contentUrl":"https:\/\/ecofriend.hu\/wp-content\/uploads\/2026\/01\/logo-color-w.svg","width":350,"height":294.92401,"caption":"Soroks\u00e1r Apartments"},"image":{"@id":"https:\/\/ecofriend.hu\/#\/schema\/logo\/image\/"}}]}},"_links":{"self":[{"href":"https:\/\/ecofriend.hu\/en\/wp-json\/wp\/v2\/pages\/1250","targetHints":{"allow":["GET"]}}],"collection":[{"href":"https:\/\/ecofriend.hu\/en\/wp-json\/wp\/v2\/pages"}],"about":[{"href":"https:\/\/ecofriend.hu\/en\/wp-json\/wp\/v2\/types\/page"}],"author":[{"embeddable":true,"href":"https:\/\/ecofriend.hu\/en\/wp-json\/wp\/v2\/users\/1"}],"replies":[{"embeddable":true,"href":"https:\/\/ecofriend.hu\/en\/wp-json\/wp\/v2\/comments?post=1250"}],"version-history":[{"count":0,"href":"https:\/\/ecofriend.hu\/en\/wp-json\/wp\/v2\/pages\/1250\/revisions"}],"wp:featuredmedia":[{"embeddable":true,"href":"https:\/\/ecofriend.hu\/en\/wp-json\/wp\/v2\/media\/7347"}],"wp:attachment":[{"href":"https:\/\/ecofriend.hu\/en\/wp-json\/wp\/v2\/media?parent=1250"}],"curies":[{"name":"wp","href":"https:\/\/api.w.org\/{rel}","templated":true}]}}